{"id":13586,"date":"2017-08-01T11:00:21","date_gmt":"2017-08-01T17:00:21","guid":{"rendered":"https:\/\/ipn.usac.edu.gt\/?page_id=13586"},"modified":"2019-07-11T11:27:17","modified_gmt":"2019-07-11T17:27:17","slug":"sociopolitica","status":"publish","type":"page","link":"https:\/\/ipn.usac.edu.gt\/?page_id=13586","title":{"rendered":"Sociopol\u00edtica"},"content":{"rendered":"<h2>\u00c1REA SOCIOPOL\u00cdTICA<\/h2>\n<hr \/>\n<p style=\"text-align: justify;\"><span style=\"color: #000000;\">Es el \u00c1rea encargada de estudiar la realidad socio pol\u00edtica prevaleciente en el pa\u00eds, en la regi\u00f3n y en el mundo, a efecto de contribuir a que la USAC haga propuestas dirigidas a fortalecer el Estado, el sistema pol\u00edtico y de partidos pol\u00edticos y, en general, a profundizar la democracia, robusteciendo su dimensi\u00f3n representativa, en estrecha relaci\u00f3n con el desarrollo de su dimensi\u00f3n participativa, para que el poder pol\u00edtico est\u00e9 cada vez m\u00e1s en condiciones de impulsar el desarrollo nacional, integralmente concebido, entendiendo que la profundizaci\u00f3n de la democracia en Guatemala supone, necesariamente, superar la exclusi\u00f3n racista que lo ha caracterizado, as\u00ed como su car\u00e1cter patriarcal.<\/span><\/p>\n<hr \/>\n<p><img decoding=\"async\" loading=\"lazy\" class=\"wp-image-15421 aligncenter\" src=\"https:\/\/ipn.usac.edu.gt\/wp-content\/uploads\/2019\/07\/Sociopolitico-png.png\" alt=\"\" width=\"586\" height=\"535\" srcset=\"https:\/\/ipn.usac.edu.gt\/wp-content\/uploads\/2019\/07\/Sociopolitico-png.png 2550w, https:\/\/ipn.usac.edu.gt\/wp-content\/uploads\/2019\/07\/Sociopolitico-png-300x274.png 300w, https:\/\/ipn.usac.edu.gt\/wp-content\/uploads\/2019\/07\/Sociopolitico-png-768x701.png 768w, https:\/\/ipn.usac.edu.gt\/wp-content\/uploads\/2019\/07\/Sociopolitico-png-1024x934.png 1024w, https:\/\/ipn.usac.edu.gt\/wp-content\/uploads\/2019\/07\/Sociopolitico-png-500x456.png 500w\" sizes=\"(max-width: 586px) 100vw, 586px\" \/><\/p>\n","protected":false},"excerpt":{"rendered":"<p>\u00c1REA SOCIOPOL\u00cdTICA Es el \u00c1rea encargada de estudiar la realidad socio pol\u00edtica prevaleciente en el pa\u00eds, en la regi\u00f3n y en el mundo, a efecto de contribuir a que la USAC haga propuestas dirigidas a fortalecer el Estado, el sistema<\/p>\n","protected":false},"author":1,"featured_media":0,"parent":0,"menu_order":0,"comment_status":"closed","ping_status":"closed","template":"","meta":{"footnotes":""},"_links":{"self":[{"href":"https:\/\/ipn.usac.edu.gt\/index.php?rest_route=\/wp\/v2\/pages\/13586"}],"collection":[{"href":"https:\/\/ipn.usac.edu.gt\/index.php?rest_route=\/wp\/v2\/pages"}],"about":[{"href":"https:\/\/ipn.usac.edu.gt\/index.php?rest_route=\/wp\/v2\/types\/page"}],"author":[{"embeddable":true,"href":"https:\/\/ipn.usac.edu.gt\/index.php?rest_route=\/wp\/v2\/users\/1"}],"replies":[{"embeddable":true,"href":"https:\/\/ipn.usac.edu.gt\/index.php?rest_route=%2Fwp%2Fv2%2Fcomments&post=13586"}],"version-history":[{"count":29,"href":"https:\/\/ipn.usac.edu.gt\/index.php?rest_route=\/wp\/v2\/pages\/13586\/revisions"}],"predecessor-version":[{"id":15420,"href":"https:\/\/ipn.usac.edu.gt\/index.php?rest_route=\/wp\/v2\/pages\/13586\/revisions\/15420"}],"wp:attachment":[{"href":"https:\/\/ipn.usac.edu.gt\/index.php?rest_route=%2Fwp%2Fv2%2Fmedia&parent=13586"}],"curies":[{"name":"wp","href":"https:\/\/api.w.org\/{rel}","templated":true}]}}