{"id":361,"date":"2015-04-25T00:00:20","date_gmt":"2015-04-25T06:00:20","guid":{"rendered":"http:\/\/localhost:8080\/wordpress\/?page_id=361"},"modified":"2016-11-16T09:19:40","modified_gmt":"2016-11-16T15:19:40","slug":"documento-constitutivo","status":"publish","type":"page","link":"https:\/\/ipn.usac.edu.gt\/?page_id=361","title":{"rendered":"Documento Constitutivo"},"content":{"rendered":"<h3 style=\"text-align: left;\">Marco Estrat\u00e9gico (Elaborado en 2012)<\/h3>\n<p style=\"text-align: justify;\">El documento sobre el Marco Estrat\u00e9gico define las actividades a cargo del IPNUSAC que se enmarcan en las diferentes l\u00edneas estrat\u00e9gicas que le corresponde a cada una de las divisiones que lo conforman, las cuales se encuentran establecidas dentro del:<\/p>\n<p style=\"text-align: justify;\"><span style=\"font-size: 13px; line-height: 19px;\">Plan Estrat\u00e9gico USAC-2022.<\/span><\/p>\n<p style=\"text-align: justify;\"><a href=\"https:\/\/ipn.usac.edu.gt\/wp-content\/uploads\/2011\/08\/Marco-Estrat%C3%A9gico-IPNUSAC.pdf\">Marco estrat\u00e9gico<\/a><\/p>\n<p style=\"text-align: justify;\">\n<p>&nbsp;<\/p>\n<h3 style=\"text-align: left;\">Documento Constitutivo (Elaborado en 2009)<\/h3>\n<p>El Documento Constitutivo explica los antecedentes, la definici\u00f3n, naturaleza, objetivos, base legal, contexto, raz\u00f3n de ser, perfil, funciones y estructura del IPNUSAC, creado por el Consejo Superior Universitario de la USAC.<\/p>\n<p>Tambi\u00e9n se caracterizan las Divisiones que fueron creadas en septiembre de 2008.<\/p>\n<p><strong>Documento Divisiones Creadas<\/strong><\/p>\n<p>El Documento Divisiones Creadas consiste en dar a conocer el funcionamiento de nuevas Divisiones creadas a partir del 2010.<\/p>\n<p>&nbsp;<\/p>\n<p><a href=\"https:\/\/ipn.usac.edu.gt\/wp-content\/uploads\/2011\/08\/Docto.-Constitutivo1.pdf\">Documento Constitutivo<\/a><\/p>\n<p>&nbsp;<\/p>\n","protected":false},"excerpt":{"rendered":"<p>Marco Estrat\u00e9gico (Elaborado en 2012) El documento sobre el Marco Estrat\u00e9gico define las actividades a cargo del IPNUSAC que se enmarcan en las diferentes l\u00edneas estrat\u00e9gicas que le corresponde a cada una de las divisiones que lo conforman, las cuales<\/p>\n","protected":false},"author":1,"featured_media":0,"parent":0,"menu_order":0,"comment_status":"closed","ping_status":"closed","template":"","meta":{"footnotes":""},"_links":{"self":[{"href":"https:\/\/ipn.usac.edu.gt\/index.php?rest_route=\/wp\/v2\/pages\/361"}],"collection":[{"href":"https:\/\/ipn.usac.edu.gt\/index.php?rest_route=\/wp\/v2\/pages"}],"about":[{"href":"https:\/\/ipn.usac.edu.gt\/index.php?rest_route=\/wp\/v2\/types\/page"}],"author":[{"embeddable":true,"href":"https:\/\/ipn.usac.edu.gt\/index.php?rest_route=\/wp\/v2\/users\/1"}],"replies":[{"embeddable":true,"href":"https:\/\/ipn.usac.edu.gt\/index.php?rest_route=%2Fwp%2Fv2%2Fcomments&post=361"}],"version-history":[{"count":10,"href":"https:\/\/ipn.usac.edu.gt\/index.php?rest_route=\/wp\/v2\/pages\/361\/revisions"}],"predecessor-version":[{"id":13350,"href":"https:\/\/ipn.usac.edu.gt\/index.php?rest_route=\/wp\/v2\/pages\/361\/revisions\/13350"}],"wp:attachment":[{"href":"https:\/\/ipn.usac.edu.gt\/index.php?rest_route=%2Fwp%2Fv2%2Fmedia&parent=361"}],"curies":[{"name":"wp","href":"https:\/\/api.w.org\/{rel}","templated":true}]}}